{"id":247,"date":"2015-06-19T17:18:48","date_gmt":"2015-06-19T17:18:48","guid":{"rendered":"http:\/\/www.herrerabachiller.com\/nemertea\/?page_id=247"},"modified":"2016-02-25T16:19:36","modified_gmt":"2016-02-25T16:19:36","slug":"ototyphlonemertes-macintoshi","status":"publish","type":"page","link":"https:\/\/www.herrerabachiller.com\/nemertea\/en\/hoplonemertea\/monostilifera\/ototyphlonemertes\/ototyphlonemertes-macintoshi\/","title":{"rendered":"Ototyphlonemertes macintoshi"},"content":{"rendered":"<p><b><i>Ototyphlonemertes macintoshi<\/i> <\/b>B\u00fcrger, 1895<\/p>\n<p>Citas<\/p>\n<p><i>Ototyphlonemertes macintoshi<\/i>: <b>Andrade et al.<\/b> (2012), p. 158, tab. 1; Mindelo, Vila do Conde, Porto, Portugal (41.3102\u00baN, 08.7418\u00baW); <b>Leasi y Norenburg<\/b> (2016), tab. 1, fig. 2; Mindelo, Vila do Conde, Porto, Portugal (41.3102\u00baN, 08.7418\u00baW); Playa de San Agust\u00edn, Maspalomas, Las Palmas, Canarias, Espa\u00f1a (27.7656\u00baN, 15.5530\u00baW).<\/p>\n<p>Descripci\u00f3n<\/p>\n<p>Nemertino intersiticial delgado, con una longitud que llega a los 60 mm pero con una anchura menor a 1,5 mm. Presenta un par de estatocistos esf\u00e9ricos con estatolitos en forma de m\u00f3rula donde se pueden encontrar agregados hasta 20 o m\u00e1s gr\u00e1nulos. Carece de ojos y presenta una hendidura cef\u00e1lica que rodea al cuerpo en la zona posterior a los estatocistos. El color del cuerpo va del blanco transl\u00facido al anaranjado. Normalmente carece de cirros t\u00e1ctiles.<\/p>\n<p>Distribuci\u00f3n<\/p>\n<p>Esta especie se encuentra en la demarcaci\u00f3n marina canaria y en la subdivisi\u00f3n marina del continente portugu\u00e9s.<\/p>\n<p><img loading=\"lazy\" decoding=\"async\" class=\"aligncenter wp-image-396 size-large\" title=\"\u00a9 Jon Norenburg\" src=\"http:\/\/www.herrerabachiller.com\/nemertea\/wp-content\/uploads\/2015\/07\/Ototyphlonemertes-macintoshi-1024x768.jpg\" alt=\"Ototyphlonemertes macintoshi\" width=\"640\" height=\"480\" srcset=\"https:\/\/www.herrerabachiller.com\/nemertea\/wp-content\/uploads\/2015\/07\/Ototyphlonemertes-macintoshi-1024x768.jpg 1024w, https:\/\/www.herrerabachiller.com\/nemertea\/wp-content\/uploads\/2015\/07\/Ototyphlonemertes-macintoshi-300x225.jpg 300w\" sizes=\"auto, (max-width: 640px) 100vw, 640px\" \/><\/p>\n<p>Fotograf\u00eda: \u00a9 Jon Norenburg<\/p>\n","protected":false},"excerpt":{"rendered":"<p>Ototyphlonemertes macintoshi B\u00fcrger, 1895 Citas Ototyphlonemertes macintoshi: Andrade et al. (2012), p. 158, tab. 1; Mindelo, Vila do Conde, Porto, Portugal (41.3102\u00baN, 08.7418\u00baW); Leasi y Norenburg (2016), tab. 1, fig. 2; Mindelo, Vila do Conde, Porto, Portugal (41.3102\u00baN, 08.7418\u00baW); Playa de San Agust\u00edn, Maspalomas, Las Palmas, Canarias, Espa\u00f1a (27.7656\u00baN, 15.5530\u00baW). Descripci\u00f3n Nemertino intersiticial delgado, con [&hellip;]<\/p>\n","protected":false},"author":1,"featured_media":0,"parent":187,"menu_order":52,"comment_status":"closed","ping_status":"closed","template":"fullpage.php","meta":{"footnotes":""},"class_list":["post-247","page","type-page","status-publish","hentry"],"_links":{"self":[{"href":"https:\/\/www.herrerabachiller.com\/nemertea\/en\/wp-json\/wp\/v2\/pages\/247","targetHints":{"allow":["GET"]}}],"collection":[{"href":"https:\/\/www.herrerabachiller.com\/nemertea\/en\/wp-json\/wp\/v2\/pages"}],"about":[{"href":"https:\/\/www.herrerabachiller.com\/nemertea\/en\/wp-json\/wp\/v2\/types\/page"}],"author":[{"embeddable":true,"href":"https:\/\/www.herrerabachiller.com\/nemertea\/en\/wp-json\/wp\/v2\/users\/1"}],"replies":[{"embeddable":true,"href":"https:\/\/www.herrerabachiller.com\/nemertea\/en\/wp-json\/wp\/v2\/comments?post=247"}],"version-history":[{"count":3,"href":"https:\/\/www.herrerabachiller.com\/nemertea\/en\/wp-json\/wp\/v2\/pages\/247\/revisions"}],"predecessor-version":[{"id":685,"href":"https:\/\/www.herrerabachiller.com\/nemertea\/en\/wp-json\/wp\/v2\/pages\/247\/revisions\/685"}],"up":[{"embeddable":true,"href":"https:\/\/www.herrerabachiller.com\/nemertea\/en\/wp-json\/wp\/v2\/pages\/187"}],"wp:attachment":[{"href":"https:\/\/www.herrerabachiller.com\/nemertea\/en\/wp-json\/wp\/v2\/media?parent=247"}],"curies":[{"name":"wp","href":"https:\/\/api.w.org\/{rel}","templated":true}]}}